{"id":857,"date":"2019-01-24T09:39:33","date_gmt":"2019-01-24T09:39:33","guid":{"rendered":"http:\/\/grupalvid.com\/?page_id=857"},"modified":"2022-09-13T11:44:59","modified_gmt":"2022-09-13T11:44:59","slug":"blog","status":"publish","type":"page","link":"https:\/\/grupalvid.com\/es\/blog\/","title":{"rendered":"Blog"},"content":{"rendered":"<div class=\"wpb-content-wrapper\"><p>[vc_row css_animation=\u00bb\u00bb row_type=\u00bbrow\u00bb use_row_as_full_screen_section=\u00bbno\u00bb type=\u00bbgrid\u00bb angled_section=\u00bbno\u00bb text_align=\u00bbleft\u00bb background_image_as_pattern=\u00bbwithout_pattern\u00bb css=\u00bb.vc_custom_1547815224996{padding-top: 50px !important;padding-bottom: 90px !important;}\u00bb z_index=\u00bb\u00bb][vc_column][vc_empty_space]<div class='latest_post_two_holder three_columns'><ul><li class=\"clearfix\"><div class=\"latest_post_two_image\"><a itemprop=\"url\" href=\"https:\/\/grupalvid.com\/es\/celebramos-25-anos-dedicados-a-construir-suenos\/\"><img loading=\"lazy\" decoding=\"async\" src=\"https:\/\/grupalvid.com\/wp-content\/uploads\/2024\/10\/CELEBREM-UNA-FITA-MOLT-ESPECIAL1-450x280.png\" alt=\"Celebrem 25 anys dedicats a construir somnis!\" width=\"450\" height=\"280\" \/><\/a><\/div><div class=\"latest_post_two_inner\" ><div class=\"latest_post_two_text\"><h5 itemprop=\"name\" class=\"latest_post_two_title entry_title\"><a itemprop=\"url\" href=\"https:\/\/grupalvid.com\/es\/celebramos-25-anos-dedicados-a-construir-suenos\/\" >Celebramos 25 a\u00f1os dedicados a construir sue\u00f1os!<\/a><\/h5><div class=\"separator small left \" ><\/div><p itemprop=\"description\" class=\"latest_post_two_excerpt\" >Estamos de aniversario! Celebramos un hito muy especial: \u00a125 a\u00f1os dedicados a construir sue\u00f1os, creando nuevas vivencias y dise\u00f1ando nuevos espacios que perduran en el tiem<\/p><\/div><div class=\"latest_post_two_info\" style='border-color: #e0e0e0;'><div class=\"latest_post_two_info_inner\" style='color: #303030;'><div class=\"post_info_author\"><img alt='Author Image' src='https:\/\/secure.gravatar.com\/avatar\/e1562fd3e30d9daed0fb0a9c8d74d5a30f4adf7eef9fed4219e89e3950bab93d?s=30&#038;d=mm&#038;r=g' srcset='https:\/\/secure.gravatar.com\/avatar\/e1562fd3e30d9daed0fb0a9c8d74d5a30f4adf7eef9fed4219e89e3950bab93d?s=60&#038;d=mm&#038;r=g 2x' class='avatar avatar-30 photo' height='30' width='30' \/><span class=\"post_info_author_name\">grupalvid<\/span><\/div><div itemprop=\"dateCreated\" class=\"post_info_date entry_date updated\">23 octubre, 2024<meta itemprop=\"interactionCount\" content=\"UserComments: <?php echo get_comments_number(qode_get_page_id()); ?>\"\/><\/div><\/div><\/div><\/div><\/li><li class=\"clearfix\"><div class=\"latest_post_two_image\"><a itemprop=\"url\" href=\"https:\/\/grupalvid.com\/es\/tecnicas-y-metodos-modernos-en-la-construccion\/\"><img loading=\"lazy\" decoding=\"async\" src=\"https:\/\/grupalvid.com\/wp-content\/uploads\/2024\/05\/Tecnicas-y-Metodos-Modernos-en-la-Construccion-450x280.jpg\" alt=\"T\u00e9cnicas y M\u00e9todos Modernos en la Construcci\u00f3n\" width=\"450\" height=\"280\" \/><\/a><\/div><div class=\"latest_post_two_inner\" ><div class=\"latest_post_two_text\"><h5 itemprop=\"name\" class=\"latest_post_two_title entry_title\"><a itemprop=\"url\" href=\"https:\/\/grupalvid.com\/es\/tecnicas-y-metodos-modernos-en-la-construccion\/\" >T\u00e9cnicas y M\u00e9todos Modernos en la Construcci\u00f3n<\/a><\/h5><div class=\"separator small left \" ><\/div><p itemprop=\"description\" class=\"latest_post_two_excerpt\" >Introducci\u00f3n En este emocionante viaje, exploraremos las innovaciones m\u00e1s recientes que est\u00e1n transformando la industria de la construcci\u00f3n. Desde la construcci\u00f3n modular h<\/p><\/div><div class=\"latest_post_two_info\" style='border-color: #e0e0e0;'><div class=\"latest_post_two_info_inner\" style='color: #303030;'><div class=\"post_info_author\"><img alt='Author Image' src='https:\/\/secure.gravatar.com\/avatar\/ad5fb61c352a2dc864f7080d0b53612123d4da44103b11fac85814ae30e7d51a?s=30&#038;d=mm&#038;r=g' srcset='https:\/\/secure.gravatar.com\/avatar\/ad5fb61c352a2dc864f7080d0b53612123d4da44103b11fac85814ae30e7d51a?s=60&#038;d=mm&#038;r=g 2x' class='avatar avatar-30 photo' height='30' width='30' \/><span class=\"post_info_author_name\">admin<\/span><\/div><div itemprop=\"dateCreated\" class=\"post_info_date entry_date updated\">23 mayo, 2024<meta itemprop=\"interactionCount\" content=\"UserComments: <?php echo get_comments_number(qode_get_page_id()); ?>\"\/><\/div><\/div><\/div><\/div><\/li><li class=\"clearfix\"><div class=\"latest_post_two_image\"><a itemprop=\"url\" href=\"https:\/\/grupalvid.com\/es\/seguridad-en-la-construccion-de-alvid\/\"><img loading=\"lazy\" decoding=\"async\" src=\"https:\/\/grupalvid.com\/wp-content\/uploads\/2024\/05\/seguridad-en-la-construccion-450x280.jpg\" alt=\"seguridad en la construcci\u00f3n\" width=\"450\" height=\"280\" \/><\/a><\/div><div class=\"latest_post_two_inner\" ><div class=\"latest_post_two_text\"><h5 itemprop=\"name\" class=\"latest_post_two_title entry_title\"><a itemprop=\"url\" href=\"https:\/\/grupalvid.com\/es\/seguridad-en-la-construccion-de-alvid\/\" >La seguridad en la Construcci\u00f3n de Alvid. Medidas y Prevenci\u00f3n<\/a><\/h5><div class=\"separator small left \" ><\/div><p itemprop=\"description\" class=\"latest_post_two_excerpt\" >Introducci\u00f3n La seguridad en la construcci\u00f3n es un tema crucial que afecta no solo a los trabajadores, sino tambi\u00e9n a todos los involucrados en un proyecto de edificaci\u00f3n. <\/p><\/div><div class=\"latest_post_two_info\" style='border-color: #e0e0e0;'><div class=\"latest_post_two_info_inner\" style='color: #303030;'><div class=\"post_info_author\"><img alt='Author Image' src='https:\/\/secure.gravatar.com\/avatar\/ad5fb61c352a2dc864f7080d0b53612123d4da44103b11fac85814ae30e7d51a?s=30&#038;d=mm&#038;r=g' srcset='https:\/\/secure.gravatar.com\/avatar\/ad5fb61c352a2dc864f7080d0b53612123d4da44103b11fac85814ae30e7d51a?s=60&#038;d=mm&#038;r=g 2x' class='avatar avatar-30 photo' height='30' width='30' \/><span class=\"post_info_author_name\">admin<\/span><\/div><div itemprop=\"dateCreated\" class=\"post_info_date entry_date updated\">23 mayo, 2024<meta itemprop=\"interactionCount\" content=\"UserComments: <?php echo get_comments_number(qode_get_page_id()); ?>\"\/><\/div><\/div><\/div><\/div><\/li><li class=\"clearfix\"><div class=\"latest_post_two_image\"><a itemprop=\"url\" href=\"https:\/\/grupalvid.com\/es\/medidas-covid-19\/\"><img loading=\"lazy\" decoding=\"async\" src=\"https:\/\/grupalvid.com\/wp-content\/uploads\/2020\/05\/EPIS-COVID-19-2-1-450x280.png\" alt=\"\" width=\"450\" height=\"280\" \/><\/a><\/div><div class=\"latest_post_two_inner\" ><div class=\"latest_post_two_text\"><h5 itemprop=\"name\" class=\"latest_post_two_title entry_title\"><a itemprop=\"url\" href=\"https:\/\/grupalvid.com\/es\/medidas-covid-19\/\" >MEDIDAS COVID 19<\/a><\/h5><div class=\"separator small left \" ><\/div><p itemprop=\"description\" class=\"latest_post_two_excerpt\" >Como todos sab\u00e9is, estamos atravesando un momento dif\u00edcil a ra\u00edz a la crisis sanitaria que estamos viviendo por la Covid 19. Nosotros como empresa queremos transmitir desde<\/p><\/div><div class=\"latest_post_two_info\" style='border-color: #e0e0e0;'><div class=\"latest_post_two_info_inner\" style='color: #303030;'><div class=\"post_info_author\"><img alt='Author Image' src='https:\/\/secure.gravatar.com\/avatar\/e1562fd3e30d9daed0fb0a9c8d74d5a30f4adf7eef9fed4219e89e3950bab93d?s=30&#038;d=mm&#038;r=g' srcset='https:\/\/secure.gravatar.com\/avatar\/e1562fd3e30d9daed0fb0a9c8d74d5a30f4adf7eef9fed4219e89e3950bab93d?s=60&#038;d=mm&#038;r=g 2x' class='avatar avatar-30 photo' height='30' width='30' \/><span class=\"post_info_author_name\">grupalvid<\/span><\/div><div itemprop=\"dateCreated\" class=\"post_info_date entry_date updated\">28 mayo, 2020<meta itemprop=\"interactionCount\" content=\"UserComments: <?php echo get_comments_number(qode_get_page_id()); ?>\"\/><\/div><\/div><\/div><\/div><\/li><li class=\"clearfix\"><div class=\"latest_post_two_image\"><a itemprop=\"url\" href=\"https:\/\/grupalvid.com\/es\/la-importancia-de-la-ite\/\"><img loading=\"lazy\" decoding=\"async\" src=\"https:\/\/grupalvid.com\/wp-content\/uploads\/2019\/01\/inspecci\u00f3-t\u00e8cnica-ITE-450x280.jpg\" alt=\"\" width=\"450\" height=\"280\" \/><\/a><\/div><div class=\"latest_post_two_inner\" ><div class=\"latest_post_two_text\"><h5 itemprop=\"name\" class=\"latest_post_two_title entry_title\"><a itemprop=\"url\" href=\"https:\/\/grupalvid.com\/es\/la-importancia-de-la-ite\/\" >La importancia de la ITE<\/a><\/h5><div class=\"separator small left \" ><\/div><p itemprop=\"description\" class=\"latest_post_two_excerpt\" >Tenemos que ser muy conscientes de que es muy importante que todos los edificios pasen una inspecci\u00f3n t\u00e9cnica (ITE), para evitar da\u00f1os. Y es que el paso del tiempo afecta a<\/p><\/div><div class=\"latest_post_two_info\" style='border-color: #e0e0e0;'><div class=\"latest_post_two_info_inner\" style='color: #303030;'><div class=\"post_info_author\"><img alt='Author Image' src='https:\/\/secure.gravatar.com\/avatar\/ad5fb61c352a2dc864f7080d0b53612123d4da44103b11fac85814ae30e7d51a?s=30&#038;d=mm&#038;r=g' srcset='https:\/\/secure.gravatar.com\/avatar\/ad5fb61c352a2dc864f7080d0b53612123d4da44103b11fac85814ae30e7d51a?s=60&#038;d=mm&#038;r=g 2x' class='avatar avatar-30 photo' height='30' width='30' \/><span class=\"post_info_author_name\">admin<\/span><\/div><div itemprop=\"dateCreated\" class=\"post_info_date entry_date updated\">24 enero, 2019<meta itemprop=\"interactionCount\" content=\"UserComments: <?php echo get_comments_number(qode_get_page_id()); ?>\"\/><\/div><\/div><\/div><\/div><\/li><li class=\"clearfix\"><div class=\"latest_post_two_image\"><a itemprop=\"url\" href=\"https:\/\/grupalvid.com\/es\/la-nueva-manera-de-construir-el-mundo-greenbuilding-kerakoll\/\"><img loading=\"lazy\" decoding=\"async\" src=\"https:\/\/grupalvid.com\/wp-content\/uploads\/2019\/01\/La-nova-manera-de-construir-el-m\u00f3n-GreenBuilding-Kerakoll-450x280.jpg\" alt=\"\" width=\"450\" height=\"280\" \/><\/a><\/div><div class=\"latest_post_two_inner\" ><div class=\"latest_post_two_text\"><h5 itemprop=\"name\" class=\"latest_post_two_title entry_title\"><a itemprop=\"url\" href=\"https:\/\/grupalvid.com\/es\/la-nueva-manera-de-construir-el-mundo-greenbuilding-kerakoll\/\" >La nueva manera de construir el mundo, GreenBuilding<\/a><\/h5><div class=\"separator small left \" ><\/div><p itemprop=\"description\" class=\"latest_post_two_excerpt\" >Como empresa de construcci\u00f3n que somos, nos gusta y compartimos la filosof\u00eda de Kerakoll, la construcci\u00f3n verde mejora el mundo. El GreenBuilding es un concepto que lanz\u00f3 E<\/p><\/div><div class=\"latest_post_two_info\" style='border-color: #e0e0e0;'><div class=\"latest_post_two_info_inner\" style='color: #303030;'><div class=\"post_info_author\"><img alt='Author Image' src='https:\/\/secure.gravatar.com\/avatar\/ad5fb61c352a2dc864f7080d0b53612123d4da44103b11fac85814ae30e7d51a?s=30&#038;d=mm&#038;r=g' srcset='https:\/\/secure.gravatar.com\/avatar\/ad5fb61c352a2dc864f7080d0b53612123d4da44103b11fac85814ae30e7d51a?s=60&#038;d=mm&#038;r=g 2x' class='avatar avatar-30 photo' height='30' width='30' \/><span class=\"post_info_author_name\">admin<\/span><\/div><div itemprop=\"dateCreated\" class=\"post_info_date entry_date updated\">24 enero, 2019<meta itemprop=\"interactionCount\" content=\"UserComments: <?php echo get_comments_number(qode_get_page_id()); ?>\"\/><\/div><\/div><\/div><\/div><\/li><li class=\"clearfix\"><div class=\"latest_post_two_image\"><a itemprop=\"url\" href=\"https:\/\/grupalvid.com\/es\/medidas-de-seguridad-y-salud-en-la-construccion\/\"><img loading=\"lazy\" decoding=\"async\" src=\"https:\/\/grupalvid.com\/wp-content\/uploads\/2019\/01\/Mesures-de-seguretat-i-salut-en-la-construcci\u00f3-450x280.jpg\" alt=\"\" width=\"450\" height=\"280\" \/><\/a><\/div><div class=\"latest_post_two_inner\" ><div class=\"latest_post_two_text\"><h5 itemprop=\"name\" class=\"latest_post_two_title entry_title\"><a itemprop=\"url\" href=\"https:\/\/grupalvid.com\/es\/medidas-de-seguridad-y-salud-en-la-construccion\/\" >Medidas de seguridad y salud en la construcci\u00f3n<\/a><\/h5><div class=\"separator small left \" ><\/div><p itemprop=\"description\" class=\"latest_post_two_excerpt\" >Art\u00edculo muy interesante sobre las medidas de seguridad y salud en la construcci\u00f3n. Encuesta desarrollada por Bosch Herramientas El\u00e9ctricas indica que, Espa\u00f1a somos de los <\/p><\/div><div class=\"latest_post_two_info\" style='border-color: #e0e0e0;'><div class=\"latest_post_two_info_inner\" style='color: #303030;'><div class=\"post_info_author\"><img alt='Author Image' src='https:\/\/secure.gravatar.com\/avatar\/ad5fb61c352a2dc864f7080d0b53612123d4da44103b11fac85814ae30e7d51a?s=30&#038;d=mm&#038;r=g' srcset='https:\/\/secure.gravatar.com\/avatar\/ad5fb61c352a2dc864f7080d0b53612123d4da44103b11fac85814ae30e7d51a?s=60&#038;d=mm&#038;r=g 2x' class='avatar avatar-30 photo' height='30' width='30' \/><span class=\"post_info_author_name\">admin<\/span><\/div><div itemprop=\"dateCreated\" class=\"post_info_date entry_date updated\">24 enero, 2019<meta itemprop=\"interactionCount\" content=\"UserComments: <?php echo get_comments_number(qode_get_page_id()); ?>\"\/><\/div><\/div><\/div><\/div><\/li><\/ul><\/div>[\/vc_column][\/vc_row][vc_row css_animation=\u00bb\u00bb row_type=\u00bbrow\u00bb use_row_as_full_screen_section=\u00bbno\u00bb type=\u00bbfull_width\u00bb angled_section=\u00bbno\u00bb text_align=\u00bbcenter\u00bb background_image_as_pattern=\u00bbwithout_pattern\u00bb][vc_column]<div class=\"call_to_action simple\" style=\"background-color: #2b2c2e;padding-top: 40px;padding-bottom: 40px;\"><div class=\"container_inner\"><div class=\"text_wrapper column1\"><div class=\"call_to_action_text  font_size_inherit font_weight_inherit letter_spacing_inherit\" style=\"font-size:16px;font-weight: 600;letter-spacing: -1px;\">\n<p style=\"text-align: center;\"><span style=\"color: #ffffff;\">Cont\u00e1ctanos ahora para obtener un presupuesto para tu proyecto<\/span><\/p>\n<\/div><a itemprop=\"url\" href=\"\/es\/contacto\/\" class=\"qbutton white medium\" target=\"_self\" style=\"\"data-hover-background-color=#ffffff data-hover-color=#303030>CONTACTO<\/a><\/div><\/div><\/div>[\/vc_column][\/vc_row]<\/p>\n<\/div>","protected":false},"excerpt":{"rendered":"<p>[vc_row css_animation=\u00bb\u00bb row_type=\u00bbrow\u00bb use_row_as_full_screen_section=\u00bbno\u00bb type=\u00bbgrid\u00bb angled_section=\u00bbno\u00bb text_align=\u00bbleft\u00bb background_image_as_pattern=\u00bbwithout_pattern\u00bb css=\u00bb.vc_custom_1547815224996{padding-top: 50px !important;padding-bottom: 90px !important;}\u00bb z_index=\u00bb\u00bb][vc_column][vc_empty_space][\/vc_column][\/vc_row][vc_row css_animation=\u00bb\u00bb row_type=\u00bbrow\u00bb use_row_as_full_screen_section=\u00bbno\u00bb type=\u00bbfull_width\u00bb angled_section=\u00bbno\u00bb text_align=\u00bbcenter\u00bb background_image_as_pattern=\u00bbwithout_pattern\u00bb][vc_column][\/vc_column][\/vc_row]<\/p>\n","protected":false},"author":1,"featured_media":0,"parent":0,"menu_order":0,"comment_status":"closed","ping_status":"closed","template":"full_width.php","meta":{"footnotes":""},"class_list":["post-857","page","type-page","status-publish","hentry"],"_links":{"self":[{"href":"https:\/\/grupalvid.com\/es\/wp-json\/wp\/v2\/pages\/857","targetHints":{"allow":["GET"]}}],"collection":[{"href":"https:\/\/grupalvid.com\/es\/wp-json\/wp\/v2\/pages"}],"about":[{"href":"https:\/\/grupalvid.com\/es\/wp-json\/wp\/v2\/types\/page"}],"author":[{"embeddable":true,"href":"https:\/\/grupalvid.com\/es\/wp-json\/wp\/v2\/users\/1"}],"replies":[{"embeddable":true,"href":"https:\/\/grupalvid.com\/es\/wp-json\/wp\/v2\/comments?post=857"}],"version-history":[{"count":0,"href":"https:\/\/grupalvid.com\/es\/wp-json\/wp\/v2\/pages\/857\/revisions"}],"wp:attachment":[{"href":"https:\/\/grupalvid.com\/es\/wp-json\/wp\/v2\/media?parent=857"}],"curies":[{"name":"wp","href":"https:\/\/api.w.org\/{rel}","templated":true}]}}