{"id":846,"date":"2019-01-24T09:29:45","date_gmt":"2019-01-24T09:29:45","guid":{"rendered":"http:\/\/grupalvid.com\/?page_id=846"},"modified":"2022-09-13T11:45:00","modified_gmt":"2022-09-13T11:45:00","slug":"servicios","status":"publish","type":"page","link":"https:\/\/grupalvid.com\/es\/servicios\/","title":{"rendered":"Servicios"},"content":{"rendered":"<div class=\"wpb-content-wrapper\"><p>[vc_row css_animation=\u00bb\u00bb row_type=\u00bbrow\u00bb use_row_as_full_screen_section=\u00bbno\u00bb type=\u00bbgrid\u00bb angled_section=\u00bbno\u00bb text_align=\u00bbleft\u00bb background_image_as_pattern=\u00bbwithout_pattern\u00bb z_index=\u00bb\u00bb][vc_column][vc_empty_space height=\u00bb80px\u00bb][vc_column_text]<\/p>\n<p style=\"text-align: center; font-size: 20px;\">Ofrecemos nuestros servicios de construcci\u00f3n y rehabilitaci\u00f3n integral, tanto a particulares, comunidades de propietarios, administraciones de fincas y administraciones p\u00fablicas. Son 20 a\u00f1os de experiencia en todo el territorio del Garraf. Siendo una empresa s\u00f3lida y de referencia.<\/p>\n<p>[\/vc_column_text][vc_empty_space height=\u00bb70px\u00bb][\/vc_column][\/vc_row][vc_row css_animation=\u00bb\u00bb row_type=\u00bbrow\u00bb use_row_as_full_screen_section=\u00bbno\u00bb type=\u00bbgrid\u00bb angled_section=\u00bbno\u00bb text_align=\u00bbleft\u00bb background_image_as_pattern=\u00bbwithout_pattern\u00bb z_index=\u00bb\u00bb][vc_column offset=\u00bbvc_col-lg-4 vc_col-md-4&#8243;][vc_single_image image=\u00bb1306&#8243; img_size=\u00bbfull\u00bb qode_css_animation=\u00bb\u00bb][vc_separator type=\u00bbtransparent\u00bb thickness=\u00bb0&#8243; up=\u00bb38&#8243; down=\u00bb0&#8243;][vc_column_text]<\/p>\n<h3>1- Rehabilitaci\u00f3n integral de edificios<\/h3>\n<p>[\/vc_column_text][vc_separator type=\u00bbsmall\u00bb position=\u00bbleft\u00bb width=\u00bb20&#8243; up=\u00bb7&#8243; down=\u00bb30&#8243;][vc_column_text]Nuestro objetivo en la rehabilitaci\u00f3n integral de un edificio es recuperar su estado original, estudiamos a fondo sus patolog\u00edas y buscamos las mejores soluciones para su finca, mediante materiales de primera calidad y las t\u00e9cnicas necesarias que requiere el edificio para dejarlo en perfectas condiciones de uso. No s\u00f3lo garantizamos la seguridad en la estructura, sino proporcionamos al edificio estanqueidad frente a la lluvia y la humedad, aislamiento t\u00e9rmico, redes generales de agua, gas, electricidad, saneamiento, etc.[\/vc_column_text][vc_separator type=\u00bbtransparent\u00bb thickness=\u00bb0&#8243; up=\u00bb50&#8243; down=\u00bb0&#8243;][\/vc_column][vc_column offset=\u00bbvc_col-lg-4 vc_col-md-4&#8243;][vc_single_image image=\u00bb1780&#8243; img_size=\u00bbfull\u00bb qode_css_animation=\u00bb\u00bb][vc_separator type=\u00bbtransparent\u00bb thickness=\u00bb0&#8243; up=\u00bb38&#8243; down=\u00bb0&#8243;][vc_column_text]<\/p>\n<h3>2- Rehabilitaci\u00f3n de edificios de \u00e9poca, catalogados y \/ o protegidos<\/h3>\n<p>[\/vc_column_text][vc_separator type=\u00bbsmall\u00bb position=\u00bbleft\u00bb width=\u00bb20&#8243; up=\u00bb7&#8243; down=\u00bb30&#8243;][vc_column_text]En cada restauraci\u00f3n de edificio estudiamos sus patolog\u00edas y su estilo, para poder obtener unos resultados perfectos, recuperando su imagen original y devolverle su identidad. Siempre respetando el estilo arquitect\u00f3nico.[\/vc_column_text][vc_separator type=\u00bbtransparent\u00bb thickness=\u00bb0&#8243; up=\u00bb50&#8243; down=\u00bb0&#8243;][\/vc_column][vc_column offset=\u00bbvc_col-lg-4 vc_col-md-4&#8243;][vc_single_image image=\u00bb1736&#8243; img_size=\u00bbfull\u00bb qode_css_animation=\u00bb\u00bb][vc_separator type=\u00bbtransparent\u00bb thickness=\u00bb0&#8243; up=\u00bb38&#8243; down=\u00bb0&#8243;][vc_column_text]<\/p>\n<h3>3- Obra nueva<\/h3>\n<p>[\/vc_column_text][vc_separator type=\u00bbsmall\u00bb position=\u00bbleft\u00bb width=\u00bb20&#8243; up=\u00bb7&#8243; down=\u00bb30&#8243;][vc_column_text]En la realizaci\u00f3n de una obra nueva proporcionamos todo tipo de asesoramiento t\u00e9cnico, planos, arquitectos, tr\u00e1mites, permisos &#8230; Y as\u00ed, conseguir un proyecto a medida, al estilo del cliente.<br \/>\nDurante la obra hacemos un seguimiento exhausto desde el inicio hasta la finalizaci\u00f3n de ella.<br \/>\nTrabajamos con materiales de calidad y siempre adapt\u00e1ndonos a las necesidades del cliente.[\/vc_column_text][vc_separator type=\u00bbtransparent\u00bb thickness=\u00bb0&#8243; up=\u00bb50&#8243; down=\u00bb0&#8243;][\/vc_column][\/vc_row][vc_row css_animation=\u00bb\u00bb row_type=\u00bbrow\u00bb use_row_as_full_screen_section=\u00bbno\u00bb type=\u00bbgrid\u00bb angled_section=\u00bbno\u00bb text_align=\u00bbleft\u00bb background_image_as_pattern=\u00bbwithout_pattern\u00bb css=\u00bb.vc_custom_1455889179372{padding-top: 31px !important;}\u00bb][vc_column offset=\u00bbvc_col-lg-4 vc_col-md-4&#8243;][vc_single_image image=\u00bb1704&#8243; img_size=\u00bbfull\u00bb qode_css_animation=\u00bb\u00bb][vc_separator type=\u00bbtransparent\u00bb thickness=\u00bb0&#8243; up=\u00bb38&#8243; down=\u00bb0&#8243;][vc_column_text]<\/p>\n<h3>4 &#8211; Reformas interiores<\/h3>\n<p>[\/vc_column_text][vc_separator type=\u00bbsmall\u00bb position=\u00bbleft\u00bb width=\u00bb20&#8243; up=\u00bb7&#8243; down=\u00bb30&#8243;][vc_column_text]Nos dedicamos a todo tipo de reformas de interior, ba\u00f1o, cocinas, pavimentos, carpinter\u00eda met\u00e1licas, trabajos de pla duro, enyesados, alicatados y pintura general. Siempre rodeados de los mejores profesionales tanto en la ejecuci\u00f3n como en el apartado t\u00e9cnico.[\/vc_column_text][vc_separator type=\u00bbtransparent\u00bb thickness=\u00bb0&#8243; up=\u00bb50&#8243; down=\u00bb0&#8243;][\/vc_column][vc_column offset=\u00bbvc_col-lg-4 vc_col-md-4&#8243;][vc_single_image image=\u00bb1324&#8243; img_size=\u00bbfull\u00bb qode_css_animation=\u00bb\u00bb][vc_separator type=\u00bbtransparent\u00bb thickness=\u00bb0&#8243; up=\u00bb38&#8243; down=\u00bb0&#8243;][vc_column_text]<\/p>\n<h3>5- Trabajos verticales<\/h3>\n<p>[\/vc_column_text][vc_separator type=\u00bbsmall\u00bb position=\u00bbleft\u00bb width=\u00bb20&#8243; up=\u00bb7&#8243; down=\u00bb30&#8243;][vc_column_text]Somos expertos en trabajos verticales, esto nos permite poder rehabilitar, pintar y reparar en zonas de dif\u00edcil acceso y donde no existe la posibilidad de montar un andamio. Nuestros profesionales cuentan con las homologaciones exigidas para este tipo de trabajos.[\/vc_column_text][vc_separator type=\u00bbtransparent\u00bb thickness=\u00bb0&#8243; up=\u00bb50&#8243; down=\u00bb0&#8243;][\/vc_column][vc_column offset=\u00bbvc_col-lg-4 vc_col-md-4&#8243;][vc_single_image image=\u00bb1954&#8243; img_size=\u00bbfull\u00bb qode_css_animation=\u00bb\u00bb][vc_separator type=\u00bbtransparent\u00bb thickness=\u00bb0&#8243; up=\u00bb38&#8243; down=\u00bb0&#8243;][vc_column_text]<\/p>\n<h3>6- Obra civil &#8211; administraci\u00f3n p\u00fablica<\/h3>\n<p>[\/vc_column_text][vc_separator type=\u00bbsmall\u00bb position=\u00bbleft\u00bb width=\u00bb20&#8243; up=\u00bb7&#8243; down=\u00bb30&#8243;][vc_column_text]Contamos con una dilatada experiencia en este \u00e1mbito, poniendo nuestro granito en la mejora p\u00fablica. Es un placer poder contribuir a mejorar la vida de un pueblo, ya sea en las escuelas, haciendo las aulas m\u00e1s acogedoras, donde los patios sean seguros. En la calle, donde las aceras sean c\u00f3modas y anchas. Adecuar un espacio p\u00fablico donde todo el mundo quiera ir. La finalidad es entre todos hacer que el pueblo luzca.[\/vc_column_text][vc_separator type=\u00bbtransparent\u00bb thickness=\u00bb0&#8243; up=\u00bb50&#8243; down=\u00bb0&#8243;][\/vc_column][\/vc_row][vc_row css_animation=\u00bb\u00bb row_type=\u00bbrow\u00bb use_row_as_full_screen_section=\u00bbno\u00bb type=\u00bbgrid\u00bb angled_section=\u00bbno\u00bb text_align=\u00bbleft\u00bb background_image_as_pattern=\u00bbwithout_pattern\u00bb z_index=\u00bb\u00bb][vc_column][vc_empty_space height=\u00bb70px\u00bb][\/vc_column][\/vc_row][vc_row css_animation=\u00bb\u00bb row_type=\u00bbrow\u00bb use_row_as_full_screen_section=\u00bbno\u00bb type=\u00bbfull_width\u00bb angled_section=\u00bbno\u00bb text_align=\u00bbcenter\u00bb background_image_as_pattern=\u00bbwithout_pattern\u00bb][vc_column]<div class=\"call_to_action simple\" style=\"background-color: #2b2c2e;padding-top: 40px;padding-bottom: 40px;\"><div class=\"container_inner\"><div class=\"text_wrapper column1\"><div class=\"call_to_action_text  font_size_inherit font_weight_inherit letter_spacing_inherit\" style=\"font-size:16px;font-weight: 600;letter-spacing: -1px;\">\n<p style=\"text-align: center;\"><span style=\"color: #ffffff;\">Cont\u00e1ctanos ahora para obtener un presupuesto para tu proyecto<\/span><\/p>\n<\/div><a itemprop=\"url\" href=\"\/contacto\/\" class=\"qbutton white medium\" target=\"_self\" style=\"\"data-hover-background-color=#ffffff data-hover-color=#303030>CONTACTO<\/a><\/div><\/div><\/div>[\/vc_column][\/vc_row]<\/p>\n<\/div>","protected":false},"excerpt":{"rendered":"<p>[vc_row css_animation=\u00bb\u00bb row_type=\u00bbrow\u00bb use_row_as_full_screen_section=\u00bbno\u00bb type=\u00bbgrid\u00bb angled_section=\u00bbno\u00bb text_align=\u00bbleft\u00bb background_image_as_pattern=\u00bbwithout_pattern\u00bb z_index=\u00bb\u00bb][vc_column][vc_empty_space height=\u00bb80px\u00bb][vc_column_text] Ofrecemos nuestros servicios de construcci\u00f3n y rehabilitaci\u00f3n integral, tanto a particulares, comunidades de propietarios, administraciones de fincas y administraciones p\u00fablicas. Son 20 a\u00f1os de experiencia en todo el territorio del Garraf. Siendo una empresa s\u00f3lida&#8230;<\/p>\n","protected":false},"author":1,"featured_media":0,"parent":0,"menu_order":0,"comment_status":"closed","ping_status":"closed","template":"full_width.php","meta":{"footnotes":""},"class_list":["post-846","page","type-page","status-publish","hentry"],"_links":{"self":[{"href":"https:\/\/grupalvid.com\/es\/wp-json\/wp\/v2\/pages\/846","targetHints":{"allow":["GET"]}}],"collection":[{"href":"https:\/\/grupalvid.com\/es\/wp-json\/wp\/v2\/pages"}],"about":[{"href":"https:\/\/grupalvid.com\/es\/wp-json\/wp\/v2\/types\/page"}],"author":[{"embeddable":true,"href":"https:\/\/grupalvid.com\/es\/wp-json\/wp\/v2\/users\/1"}],"replies":[{"embeddable":true,"href":"https:\/\/grupalvid.com\/es\/wp-json\/wp\/v2\/comments?post=846"}],"version-history":[{"count":0,"href":"https:\/\/grupalvid.com\/es\/wp-json\/wp\/v2\/pages\/846\/revisions"}],"wp:attachment":[{"href":"https:\/\/grupalvid.com\/es\/wp-json\/wp\/v2\/media?parent=846"}],"curies":[{"name":"wp","href":"https:\/\/api.w.org\/{rel}","templated":true}]}}