{"id":843,"date":"2019-01-24T09:26:21","date_gmt":"2019-01-24T09:26:21","guid":{"rendered":"http:\/\/grupalvid.com\/?page_id=843"},"modified":"2022-09-13T11:44:59","modified_gmt":"2022-09-13T11:44:59","slug":"empresa","status":"publish","type":"page","link":"https:\/\/grupalvid.com\/es\/empresa\/","title":{"rendered":"Empresa"},"content":{"rendered":"<div class=\"wpb-content-wrapper\"><p>[vc_row css_animation=\u00bb\u00bb row_type=\u00bbrow\u00bb use_row_as_full_screen_section=\u00bbno\u00bb type=\u00bbgrid\u00bb angled_section=\u00bbno\u00bb text_align=\u00bbleft\u00bb background_image_as_pattern=\u00bbwithout_pattern\u00bb z_index=\u00bb\u00bb css=\u00bb.vc_custom_1547636787857{padding-top: 100px !important;}\u00bb][vc_column][vc_column_text]<\/p>\n<h2 style=\"text-align: center;\">Grup Alvid<\/h2>\n<p>[\/vc_column_text][vc_separator type=\u00bbsmall\u00bb position=\u00bbcenter\u00bb][vc_column_text]<\/p>\n<h4>Grupo Alvid est\u00e1 formado por un grupo humano integrado y propio que ofrece todo el proceso de rehabilitaci\u00f3n y construcci\u00f3n, desde la tramitaci\u00f3n de toda la documentaci\u00f3n, asesoramiento t\u00e9cnico al inicio de la obra (arquitecto y aparejador), permisos, ayudas, as\u00ed como el desarrollo propio de la rehabilitaci\u00f3n.<\/h4>\n<p>[\/vc_column_text][vc_empty_space][\/vc_column][\/vc_row][vc_row css_animation=\u00bb\u00bb row_type=\u00bbrow\u00bb use_row_as_full_screen_section=\u00bbno\u00bb type=\u00bbgrid\u00bb angled_section=\u00bbno\u00bb text_align=\u00bbleft\u00bb background_image_as_pattern=\u00bbwithout_pattern\u00bb css=\u00bb.vc_custom_1542795448882{padding-bottom: 96px !important;}\u00bb z_index=\u00bb\u00bb][vc_column offset=\u00bbvc_col-lg-6 vc_col-md-6&#8243;][vc_separator type=\u00bbtransparent\u00bb thickness=\u00bb0&#8243; up=\u00bb33&#8243; down=\u00bb0&#8243;][vc_column_text]Nos dedicamos a recuperar fachadas de diferentes \u00e9pocas y estilos, hacemos refuerzos estructurales, reformamos locales, cambiamos redes de saneamiento y en general cualquier intervenci\u00f3n que requiera el edificio para dejarlo en perfectas condiciones de uso.[\/vc_column_text][vc_separator type=\u00bbtransparent\u00bb thickness=\u00bb0&#8243; up=\u00bb15&#8243; down=\u00bb0&#8243;][vc_column_text]Con la rehabilitaci\u00f3n de un edificio realizamos una adecuaci\u00f3n estructural y funcional de la vivienda.<br \/>\nNo s\u00f3lo garantizamos la seguridad en la estructura, sino proporcionamos al edificio estanqueidad frente a la lluvia y la humedad, aislamiento t\u00e9rmico, redes generales de agua, gas, electricidad, saneamiento, etc.[\/vc_column_text][vc_separator type=\u00bbtransparent\u00bb thickness=\u00bb0&#8243; up=\u00bb15&#8243; down=\u00bb0&#8243;][vc_column_text]Tambi\u00e9n contamos con una dilatada experiencia en obra civil, sustituci\u00f3n de tuber\u00edas subterr\u00e1neas, formaci\u00f3n de pozos, creaciones y estabilizaciones de talud, adecuaciones de espacios p\u00fablicos, actuaciones de mejora de la v\u00eda p\u00fablica&#8230;[\/vc_column_text][vc_separator type=\u00bbtransparent\u00bb thickness=\u00bb0&#8243; up=\u00bb15&#8243; down=\u00bb0&#8243;][vc_column_text]Siempre rodeados de los mejores profesionales, apostamos por el trabajo bien hecho y por eso nos rodeamos de empresas de confianza. Una filosof\u00eda que nos ha llevado a ser una empresa reconocida en la comarca del Garraf.[\/vc_column_text][\/vc_column][vc_column offset=\u00bbvc_col-lg-6 vc_col-md-6&#8243;][vc_single_image image=\u00bb1013&#8243; img_size=\u00bbfull\u00bb qode_css_animation=\u00bb\u00bb][vc_separator type=\u00bbtransparent\u00bb thickness=\u00bb0&#8243; up=\u00bb54&#8243; down=\u00bb0&#8243;][\/vc_column][\/vc_row][vc_row css_animation=\u00bb\u00bb row_type=\u00bbrow\u00bb use_row_as_full_screen_section=\u00bbno\u00bb type=\u00bbfull_width\u00bb angled_section=\u00bbno\u00bb text_align=\u00bbcenter\u00bb background_image_as_pattern=\u00bbwithout_pattern\u00bb][vc_column]<div class=\"call_to_action simple\" style=\"background-color: #2b2c2e;padding-top: 40px;padding-bottom: 40px;\"><div class=\"container_inner\"><div class=\"text_wrapper column1\"><div class=\"call_to_action_text  font_size_inherit font_weight_inherit letter_spacing_inherit\" style=\"font-size:16px;font-weight: 600;letter-spacing: -1px;\">\n<p style=\"text-align: center;\"><span style=\"color: #ffffff;\">Cont\u00e1ctanos ahora para obtener un presupuesto para tu proyecto<\/span><\/p>\n<\/div><a itemprop=\"url\" href=\"\/contacto\/\" class=\"qbutton white medium\" target=\"_self\" style=\"\"data-hover-background-color=#ffffff data-hover-color=#303030>CONTACTO<\/a><\/div><\/div><\/div>[\/vc_column][\/vc_row]<\/p>\n<\/div>","protected":false},"excerpt":{"rendered":"<p>[vc_row css_animation=\u00bb\u00bb row_type=\u00bbrow\u00bb use_row_as_full_screen_section=\u00bbno\u00bb type=\u00bbgrid\u00bb angled_section=\u00bbno\u00bb text_align=\u00bbleft\u00bb background_image_as_pattern=\u00bbwithout_pattern\u00bb z_index=\u00bb\u00bb css=\u00bb.vc_custom_1547636787857{padding-top: 100px !important;}\u00bb][vc_column][vc_column_text] Grup Alvid [\/vc_column_text][vc_separator type=\u00bbsmall\u00bb position=\u00bbcenter\u00bb][vc_column_text] Grupo Alvid est\u00e1 formado por un grupo humano integrado y propio que ofrece todo el proceso de rehabilitaci\u00f3n y construcci\u00f3n, desde la tramitaci\u00f3n de toda la documentaci\u00f3n, asesoramiento&#8230;<\/p>\n","protected":false},"author":1,"featured_media":0,"parent":0,"menu_order":0,"comment_status":"closed","ping_status":"closed","template":"full_width.php","meta":{"footnotes":""},"class_list":["post-843","page","type-page","status-publish","hentry"],"_links":{"self":[{"href":"https:\/\/grupalvid.com\/es\/wp-json\/wp\/v2\/pages\/843","targetHints":{"allow":["GET"]}}],"collection":[{"href":"https:\/\/grupalvid.com\/es\/wp-json\/wp\/v2\/pages"}],"about":[{"href":"https:\/\/grupalvid.com\/es\/wp-json\/wp\/v2\/types\/page"}],"author":[{"embeddable":true,"href":"https:\/\/grupalvid.com\/es\/wp-json\/wp\/v2\/users\/1"}],"replies":[{"embeddable":true,"href":"https:\/\/grupalvid.com\/es\/wp-json\/wp\/v2\/comments?post=843"}],"version-history":[{"count":0,"href":"https:\/\/grupalvid.com\/es\/wp-json\/wp\/v2\/pages\/843\/revisions"}],"wp:attachment":[{"href":"https:\/\/grupalvid.com\/es\/wp-json\/wp\/v2\/media?parent=843"}],"curies":[{"name":"wp","href":"https:\/\/api.w.org\/{rel}","templated":true}]}}