{"id":1071,"date":"2019-02-14T15:04:51","date_gmt":"2019-02-14T15:04:51","guid":{"rendered":"http:\/\/grupalvid.com\/?page_id=1071"},"modified":"2024-06-03T09:56:20","modified_gmt":"2024-06-03T09:56:20","slug":"cookie-policy","status":"publish","type":"page","link":"https:\/\/grupalvid.com\/en\/cookie-policy\/","title":{"rendered":"Cookie policy"},"content":{"rendered":"<div class=\"wpb-content-wrapper\"><p>[vc_row css_animation=&#8221;&#8221; row_type=&#8221;row&#8221; use_row_as_full_screen_section=&#8221;no&#8221; type=&#8221;full_width&#8221; angled_section=&#8221;no&#8221; text_align=&#8221;left&#8221; background_image_as_pattern=&#8221;without_pattern&#8221;][vc_column][vc_column_text]<\/p>\n<p style=\"text-align: center;\"><strong>INFORMATION ABOUT COOKIES<\/strong><\/p>\n<p>In accordance with Law 34\/2002, of July 11, on information society services and electronic commerce (LSSI), in relation to Regulation (EU) 2016\/679 of the European Parliament and of the Council, of 27 April 2016, General Data Protection (GDPR) and Organic Law 3\/2018, of December 5, on Data Protection and Guarantee of Digital Rights (LOPDGDD), it is mandatory to obtain the express consent of the user of all web pages that use dispensable cookies, before you navigate through them.<\/p>\n<p style=\"text-align: center;\"><strong>WHAT ARE COOKIES?<\/strong><\/p>\n<p>Cookies and other similar technologies, such as local shared objects, flash cookies or pixels, are tools used by Web servers to store and retrieve information about their visitors, as well as to ensure proper functioning of the site.<br \/>\nThrough the use of these devices, the Web server is allowed to remember some data concerning the user, such as their preferences for viewing the pages of that server, name and password, products that interest them most, etc.<\/p>\n<p style=\"text-align: center;\"><strong>COOKIES AFFECTED BY THE REGULATIONS AND EXCEPTED COOKIES<\/strong><\/p>\n<p>According to the EU directive, the cookies that require informed consent from the user are analytical cookies and advertising and affiliation cookies, with the exception of those of a technical nature and those necessary for the operation of the website or the provision of services. expressly requested by the user.<\/p>\n<p style=\"text-align: center;\"><strong>TYPES OF COOKIES<\/strong><\/p>\n<p><strong>ACCORDING TO THE PURPOSE<\/strong><br \/>\n\u2022 Technical and functional cookies: these are those that allow the user to navigate through a website, platform or application and use the different options or services that exist therein.<\/p>\n<p>\u2022 Analytical cookies: these are those that allow the person responsible for them to monitor and analyze the behavior of the users of the websites to which they are linked. The information collected through this type of cookies is used to measure the activity of the websites, applications or platforms and to prepare navigation profiles of the users of said sites, applications and platforms, in order to introduce improvements in based on the analysis of usage data made by users of the service.<\/p>\n<p>\u2022 Advertising cookies: these are those that allow the management, in the most efficient way possible, of the advertising spaces that, where appropriate, the editor has included in a web page, application or platform from which it provides the requested service based on criteria such as edited content or the frequency at which ads are shown.<\/p>\n<p>\u2022 Behavioral advertising cookies: they collect information about the user&#8217;s personal preferences and choices (retargeting) to allow the management, in the most efficient way possible, of the advertising spaces that, where appropriate, the editor has included on a web page, application or platform from which the requested service is provided.<\/p>\n<p>\u2022 Social cookies: These are set by social media platforms on the services to allow you to share content with your friends and networks. Social media platforms have the ability to track your online activity outside of the Services. This may affect the content and messages you see on other services you visit.<\/p>\n<ul>\n<li><em><strong>Cookies <\/strong><\/em><strong>de afiliados<\/strong>: permiten hacer un seguimiento de las visitas procedentes de otras webs, con las que el sitio web establece un contrato de afiliaci\u00f3n (empresas de afiliaci\u00f3n).<\/li>\n<li><em><strong>Cookies <\/strong><\/em><strong>de seguridad<\/strong>: almacenan informaci\u00f3n cifrada para evitar que los datos guardados en ellas sean vulnerables a ataques maliciosos de terceros.<\/li>\n<\/ul>\n<p><strong>SEG\u00daN LA PROPIEDAD<\/strong><\/p>\n<p>&nbsp;<\/p>\n<ul>\n<li><em><strong>Cookies<\/strong><\/em><strong> propias<\/strong>: son aquellas que se env\u00edan al equipo terminal del usuario desde un equipo o dominio gestionado por el propio editor y desde el que se presta el servicio solicitado por el usuario.<\/li>\n<li><em><strong>Cookies<\/strong><\/em> <strong>de terceros:<\/strong> son aquellas que se env\u00edan al equipo terminal del usuario desde un equipo o dominio que no es gestionado por el editor, sino por otra entidad que trata los datos obtenidos trav\u00e9s de las cookies.<\/li>\n<\/ul>\n<p>&nbsp;<\/p>\n<p><strong>SEG\u00daN EL PLAZO DE CONSERVACI\u00d3N<\/strong><\/p>\n<p>&nbsp;<\/p>\n<ul>\n<li><em><strong>Cookies<\/strong><\/em><strong> de sesi\u00f3n:<\/strong> son un tipo de <em>cookies<\/em> dise\u00f1adas para recabar y almacenar datos mientras el usuario accede a una p\u00e1gina web.<\/li>\n<li><em><strong>Cookies<\/strong><\/em><strong> persistentes:<\/strong> son un tipo de cookies en el que los datos siguen almacenados en el terminal y pueden ser accedidos y tratados durante un per\u00edodo definido por el responsable de la <em>cookie<\/em>, y que puede ir de unos minutos a varios a\u00f1os.<\/li>\n<\/ul>\n<p>&nbsp;<\/p>\n<p><strong>TRATAMIENTO DE DATOS PERSONALES<\/strong><\/p>\n<p>&nbsp;<\/p>\n<p>ALVID INTEGRAL DE RESTAURACION SLU es el <strong>Responsable del tratamiento<\/strong> de los datos personales del <strong>Interesado <\/strong>y le informa de que estos datos ser\u00e1n tratados de conformidad con lo dispuesto en el Reglamento (UE) 2016\/679, de 27 de abril de 2016 (GDPR), por lo que se le facilita la siguiente informaci\u00f3n del tratamiento:<\/p>\n<p><strong>Fines del tratamiento: <\/strong>seg\u00fan se especifica en el apartado de <em>cookies <\/em>que se utilizan en este sitio web.<\/p>\n<p><strong>Legitimaci\u00f3n del tratamiento<\/strong>: salvo en los casos en los que resulte necesario para la navegaci\u00f3n por la web, por consentimiento del interesado (art. 6.1.a GDPR).<\/p>\n<p><strong>Criterios de conservaci\u00f3n de los datos<\/strong>: seg\u00fan se especifica en el apartado de <em>cookies <\/em>utilizadas en la web.<\/p>\n<p><strong>Comunicaci\u00f3n de los datos<\/strong>: no se comunicar\u00e1n los datos a terceros, excepto en cookies propiedad de terceros o por obligaci\u00f3n legal.<\/p>\n<p><strong>Derechos que asisten al Interesado<\/strong>:<\/p>\n<p>&#8211; Derecho a retirar el consentimiento en cualquier momento.<br \/>\n&#8211; Derecho de acceso, rectificaci\u00f3n, portabilidad y supresi\u00f3n de sus datos, y de limitaci\u00f3n u oposici\u00f3n a su tratamiento.<br \/>\n&#8211; Derecho a presentar una reclamaci\u00f3n ante la Autoridad de control (www.aepd.es) si considera que el tratamiento no se ajusta a la normativa vigente.<\/p>\n<p><strong>Datos de contacto para ejercer sus derechos:<\/strong><\/p>\n<p>ALVID INTEGRAL DE RESTAURACION SLU. Passeig Llu\u00eds Companys, 96 Bx 1\u00aa, &#8211; 08810 Sant Pere de Ribes (Barcelona)<\/p>\n<p>&nbsp;<\/p>\n<p style=\"text-align: center;\"><strong>COOKIES UTILIZADAS EN ESTE SITIO WEB<\/strong><\/p>\n<h4 style=\"text-align: center;\">COOKIES CONTROLADAS POR EL EDITOR<\/h4>\n<h4>T\u00e9cnicas y funcionales<\/h4>\n<table width=\"100%\">\n<tbody>\n<tr>\n<td width=\"19%\"><strong>Propiedad<\/strong><\/td>\n<td width=\"17%\"><strong>Cookie<\/strong><\/td>\n<td><strong>Finalidad<\/strong><\/td>\n<td width=\"15%\"><strong>Plazo<\/strong><\/td>\n<\/tr>\n<tr>\n<td>google.com<\/td>\n<td><strong>__Secure-1PAPISID<\/strong><\/td>\n<td>Cookie necesaria para la utilizaci\u00f3n de las opciones y servicios del sitio web<\/td>\n<td>en 6 meses<\/td>\n<\/tr>\n<tr>\n<td>google.com<\/td>\n<td><strong>__Secure-1PSID<\/strong><\/td>\n<td>Cookie necesaria para la utilizaci\u00f3n de las opciones y servicios del sitio web<\/td>\n<td>en 6 meses<\/td>\n<\/tr>\n<tr>\n<td>google.com<\/td>\n<td><strong>__Secure-1PSIDCC<\/strong><\/td>\n<td>Cookie necesaria para la utilizaci\u00f3n de las opciones y servicios del sitio web<\/td>\n<td>en 5 meses<\/td>\n<\/tr>\n<tr>\n<td>google.com<\/td>\n<td><strong>__Secure-3PSIDCC<\/strong><\/td>\n<td>Cookie necesaria para la utilizaci\u00f3n de las opciones y servicios del sitio web<\/td>\n<td>en 5 meses<\/td>\n<\/tr>\n<tr>\n<td>google.com<\/td>\n<td><strong>__Secure-ENID<\/strong><\/td>\n<td>Cookie necesaria para la utilizaci\u00f3n de las opciones y servicios del sitio web<\/td>\n<td>en un a\u00f1o<\/td>\n<\/tr>\n<tr>\n<td>google.com<\/td>\n<td><strong>AEC<\/strong><\/td>\n<td>Cookie necesaria para la utilizaci\u00f3n de las opciones y servicios del sitio web<\/td>\n<td>en 5 meses<\/td>\n<\/tr>\n<tr>\n<td>google.com<\/td>\n<td><strong>SOCS<\/strong><\/td>\n<td>Cookie necesaria para la utilizaci\u00f3n de las opciones y servicios del sitio web<\/td>\n<td>en 11 meses<\/td>\n<\/tr>\n<tr>\n<td>grupalvid.com<\/td>\n<td><strong>cookielawinfo-checkbox-necessary<\/strong><\/td>\n<td>Cookie necesaria para la utilizaci\u00f3n de las opciones y servicios del sitio web<\/td>\n<td>en un a\u00f1o<\/td>\n<\/tr>\n<tr>\n<td>grupalvid.com<\/td>\n<td><strong>cookielawinfo-checkbox-non-necessary<\/strong><\/td>\n<td>Cookie necesaria para la utilizaci\u00f3n de las opciones y servicios del sitio web<\/td>\n<td>en un a\u00f1o<\/td>\n<\/tr>\n<\/tbody>\n<\/table>\n<h4>Anal\u00edticas<\/h4>\n<table width=\"100%\">\n<tbody>\n<tr>\n<td width=\"19%\"><strong>Propiedad<\/strong><\/td>\n<td width=\"17%\"><strong>Cookie<\/strong><\/td>\n<td><strong>Finalidad<\/strong><\/td>\n<td width=\"15%\"><strong>Plazo<\/strong><\/td>\n<\/tr>\n<tr>\n<td>Google<\/td>\n<td><strong>__Secure-3PAPISID<\/strong><\/td>\n<td>Estas cookies se utilizan para entregar anuncios m\u00e1s relevantes para usted y sus intereses.<\/td>\n<td>en 6 meses<\/td>\n<\/tr>\n<tr>\n<td>Google<\/td>\n<td><strong>__Secure-3PSID<\/strong><\/td>\n<td>Estas cookies se utilizan para entregar anuncios m\u00e1s relevantes para usted y sus intereses.<\/td>\n<td>en 6 meses<\/td>\n<\/tr>\n<\/tbody>\n<\/table>\n<h4>Publicitarias<\/h4>\n<table width=\"100%\">\n<tbody>\n<tr>\n<td width=\"19%\"><strong>Propiedad<\/strong><\/td>\n<td width=\"17%\"><strong>Cookie<\/strong><\/td>\n<td><strong>Finalidad<\/strong><\/td>\n<td width=\"15%\"><strong>Plazo<\/strong><\/td>\n<\/tr>\n<tr>\n<td>Google<\/td>\n<td><strong>APISID<\/strong><\/td>\n<td>Descargar ciertas herramientas de Google y guardar ciertas preferencias, por ejemplo, el n\u00famero de resultados de la b\u00fasqueda por hoja o la activaci\u00f3n del filtro SafeSearch. Ajusta los anuncios que aparecen en la b\u00fasqueda de Google.<\/td>\n<td>en 6 meses<\/td>\n<\/tr>\n<tr>\n<td>Google<\/td>\n<td><strong>HSID<\/strong><\/td>\n<td>Descargar ciertas herramientas de Google y guardar ciertas preferencias, por ejemplo, el n\u00famero de resultados de la b\u00fasqueda por hoja o la activaci\u00f3n del filtro SafeSearch. Ajusta los anuncios que aparecen en la b\u00fasqueda de Google.<\/td>\n<td>en 6 meses<\/td>\n<\/tr>\n<tr>\n<td>Google<\/td>\n<td><strong>NID<\/strong><\/td>\n<td>Estas cookies se utilizan para recopilar estad\u00edsticas del sitio web y rastrear las tasas de conversi\u00f3n y la personalizaci\u00f3n de anuncios de Google<\/td>\n<td>en 7 meses<\/td>\n<\/tr>\n<tr>\n<td>Google<\/td>\n<td><strong>SAPISID<\/strong><\/td>\n<td>Descargar ciertas herramientas de Google y guardar ciertas preferencias, por ejemplo, el n\u00famero de resultados de la b\u00fasqueda por hoja o la activaci\u00f3n del filtro SafeSearch. Ajusta los anuncios que aparecen en la b\u00fasqueda de Google.<\/td>\n<td>en 6 meses<\/td>\n<\/tr>\n<tr>\n<td>Google<\/td>\n<td><strong>SID<\/strong><\/td>\n<td>Descargar ciertas herramientas de Google y guardar ciertas preferencias, por ejemplo, el n\u00famero de resultados de la b\u00fasqueda por hoja o la activaci\u00f3n del filtro SafeSearch. Ajusta los anuncios que aparecen en la b\u00fasqueda de Google.<\/td>\n<td>en 6 meses<\/td>\n<\/tr>\n<tr>\n<td>Google<\/td>\n<td><strong>SIDCC<\/strong><\/td>\n<td>Descargar ciertas herramientas de Google y guardar ciertas preferencias, por ejemplo, el n\u00famero de resultados de la b\u00fasqueda por hoja o la activaci\u00f3n del filtro SafeSearch. Ajusta los anuncios que aparecen en la b\u00fasqueda de Google.<\/td>\n<td>en 5 meses<\/td>\n<\/tr>\n<tr>\n<td>Google<\/td>\n<td><strong>SSID<\/strong><\/td>\n<td>Descarga ciertas herramientas de Google y guarda ciertas preferencias, por ejemplo, el n\u00famero de resultados de b\u00fasqueda por p\u00e1gina o la activaci\u00f3n del filtro SafeSearch. Ajusta los anuncios que aparecen en la B\u00fasqueda de Google.<\/td>\n<td>en 6 meses<\/td>\n<\/tr>\n<\/tbody>\n<\/table>\n<h4><\/h4>\n<h4 style=\"text-align: center;\">COOKIES DE TERCEROS<\/h4>\n<p>Los servicios de terceros son ajenos al control del editor. Los proveedores pueden modificar en todo momento sus condiciones de servicio, finalidad y utilizaci\u00f3n de las cookies, etc.<\/p>\n<p><strong>Proveedores externos de este sitio web:<\/strong><\/p>\n<table width=\"100%\">\n<tbody>\n<tr>\n<td><strong>Editor<\/strong><\/td>\n<td><strong>Pol\u00edtica de privacidad<\/strong><\/td>\n<\/tr>\n<tr>\n<td>Google<\/td>\n<td><a href=\"https:\/\/privacy.google.com\/take-control.html\">https:\/\/privacy.google.com\/take-control.html<\/a><\/td>\n<\/tr>\n<tr>\n<td>Google<\/td>\n<td><a href=\"https:\/\/safety.google\/privacy\/privacy-controls\/\">https:\/\/safety.google\/privacy\/privacy-controls\/<\/a><\/td>\n<\/tr>\n<tr>\n<td colspan=\"2\" width=\"100%\"><strong>PANEL DE CONFIGURACI\u00d3N DE COOKIES<\/strong><\/td>\n<\/tr>\n<\/tbody>\n<\/table>\n<p>Desde este panel podr\u00e1 configurar las cookies que el sitio web puede instalar en su navegador, excepto las cookies t\u00e9cnicas o funcionales que son necesarias para la navegaci\u00f3n y la utilizaci\u00f3n de las diferentes opciones o servicios que se ofrecen.<\/p>\n<p><u><a href=\"https:\/\/grupalvid.com\/politica-cookies\/\">Panel de cookies<\/a><\/u><\/p>\n<table width=\"100%\">\n<tbody>\n<tr>\n<td width=\"100%\"><strong>C\u00d3MO GESTIONAR LAS COOKIES DESDE EL NAVEGADOR<\/strong><\/td>\n<\/tr>\n<\/tbody>\n<\/table>\n<p>&nbsp;<\/p>\n<table width=\"100%\">\n<tbody>\n<tr>\n<td width=\"30\"><strong>Eliminar las cookies del dispositivo <\/strong><\/td>\n<td width=\"70%\">Las cookies que ya est\u00e1n en un dispositivo se pueden eliminar borrando el historial del navegador, con lo que se suprimen las cookies de todos los sitios web visitados.<br \/>\nSin embargo, tambi\u00e9n se puede perder parte de la informaci\u00f3n guardada (por ejemplo, los datos de inicio de sesi\u00f3n o las preferencias de sitio web).<\/td>\n<\/tr>\n<tr>\n<td width=\"30%\"><strong>Gestionar las cookies espec\u00edficas del sitio <\/strong><\/td>\n<td width=\"70%\">Para tener un control m\u00e1s preciso de las cookies espec\u00edficas de cada sitio, los usuarios pueden ajustar su configuraci\u00f3n de privacidad y cookies en el navegador.<\/td>\n<\/tr>\n<tr>\n<td width=\"30%\"><strong>Bloquear las cookies <\/strong><\/td>\n<td width=\"70%\">Aunque la mayor\u00eda de los navegadores modernos se pueden configurar para evitar que se instalen cookies en los dispositivos, eso puede obligar al ajuste manual de determinadas preferencias cada vez que se visite un sitio o p\u00e1gina. Adem\u00e1s, algunos servicios y caracter\u00edsticas pueden no funcionar correctamente (por ejemplo, los inicios de sesi\u00f3n con perfil).<\/td>\n<\/tr>\n<\/tbody>\n<\/table>\n<p>&nbsp;<\/p>\n<table width=\"100%\">\n<tbody>\n<tr>\n<td width=\"100%\"><strong>C\u00d3MO ELIMINAR LAS COOKIES DE LOS NAVEGADORES M\u00c1S COMUNES<\/strong><\/td>\n<\/tr>\n<\/tbody>\n<\/table>\n<p>&nbsp;<\/p>\n<table width=\"100%\">\n<tbody>\n<tr>\n<td width=\"15%\"><strong>Chrome<\/strong><\/td>\n<td width=\"85%\"><a href=\"http:\/\/support.google.com\/chrome\/answer\/95647?hl=es\">http:\/\/support.google.com\/chrome\/answer\/95647?hl=es<\/a><\/td>\n<\/tr>\n<tr>\n<td width=\"15%\"><strong>Edge<\/strong><\/td>\n<td width=\"85%\"><a href=\"https:\/\/support.microsoft.com\/es-es\/microsoft-edge\/eliminar-las-cookies-en-microsoft-edge-63947406-40ac-c3b8-57b9-2a946a29ae09\">https:\/\/support.microsoft.com\/es-es\/microsoft-edge\/eliminar-las-cookies-en-microsoft-edge-63947406-40ac-c3b8-57b9-2a946a29ae09<\/a><\/td>\n<\/tr>\n<tr>\n<td width=\"15%\"><strong>Explorer<\/strong><\/td>\n<td width=\"85%\"><a href=\"https:\/\/support.microsoft.com\/es-es\/help\/278835\/how-to-delete-cookie-files-in-internet-explorer\">https:\/\/support.microsoft.com\/es-es\/help\/278835\/how-to-delete-cookie-files-in-internet-explorer<\/a><\/td>\n<\/tr>\n<tr>\n<td width=\"15%\"><strong>Firefox <\/strong><\/td>\n<td width=\"85%\"><a href=\"https:\/\/www.mozilla.org\/es-ES\/privacy\/websites\/#cookies\">https:\/\/www.mozilla.org\/es-ES\/privacy\/websites\/#cookies<\/a><\/td>\n<\/tr>\n<tr>\n<td width=\"15%\"><strong>Safari<\/strong><\/td>\n<td width=\"85%\"><a href=\"https:\/\/support.apple.com\/es-es\/guide\/safari\/sfri11471\/mac\">https:\/\/support.apple.com\/es-es\/guide\/safari\/sfri11471\/mac<\/a><\/td>\n<\/tr>\n<tr>\n<td width=\"15%\"><strong>Opera<\/strong><\/td>\n<td width=\"85%\"><a href=\"https:\/\/help.opera.com\/en\/latest\/security-and-privacy\/#clearBrowsingData\">https:\/\/help.opera.com\/en\/latest\/security-and-privacy\/#clearBrowsingData<\/a><\/td>\n<\/tr>\n<\/tbody>\n<\/table>\n<p>[\/vc_column_text][vc_empty_space height=&#8221;82px&#8221;][\/vc_column][\/vc_row]<\/p>\n<\/div>","protected":false},"excerpt":{"rendered":"<p>[vc_row css_animation=&#8221;&#8221; row_type=&#8221;row&#8221; use_row_as_full_screen_section=&#8221;no&#8221; type=&#8221;full_width&#8221; angled_section=&#8221;no&#8221; text_align=&#8221;left&#8221; background_image_as_pattern=&#8221;without_pattern&#8221;][vc_column][vc_column_text] INFORMATION ABOUT COOKIES In accordance with Law 34\/2002, of July 11, on information society services and electronic commerce (LSSI), in relation to Regulation (EU) 2016\/679 of the European Parliament and of the Council, of 27 April 2016,&#8230;<\/p>\n","protected":false},"author":1,"featured_media":0,"parent":0,"menu_order":0,"comment_status":"closed","ping_status":"closed","template":"","meta":{"footnotes":""},"class_list":["post-1071","page","type-page","status-publish","hentry"],"_links":{"self":[{"href":"https:\/\/grupalvid.com\/en\/wp-json\/wp\/v2\/pages\/1071","targetHints":{"allow":["GET"]}}],"collection":[{"href":"https:\/\/grupalvid.com\/en\/wp-json\/wp\/v2\/pages"}],"about":[{"href":"https:\/\/grupalvid.com\/en\/wp-json\/wp\/v2\/types\/page"}],"author":[{"embeddable":true,"href":"https:\/\/grupalvid.com\/en\/wp-json\/wp\/v2\/users\/1"}],"replies":[{"embeddable":true,"href":"https:\/\/grupalvid.com\/en\/wp-json\/wp\/v2\/comments?post=1071"}],"version-history":[{"count":0,"href":"https:\/\/grupalvid.com\/en\/wp-json\/wp\/v2\/pages\/1071\/revisions"}],"wp:attachment":[{"href":"https:\/\/grupalvid.com\/en\/wp-json\/wp\/v2\/media?parent=1071"}],"curies":[{"name":"wp","href":"https:\/\/api.w.org\/{rel}","templated":true}]}}