{"id":1054,"date":"2019-02-14T14:07:48","date_gmt":"2019-02-14T14:07:48","guid":{"rendered":"http:\/\/grupalvid.com\/?page_id=1054"},"modified":"2022-09-13T11:45:24","modified_gmt":"2022-09-13T11:45:24","slug":"blog","status":"publish","type":"page","link":"https:\/\/grupalvid.com\/en\/blog\/","title":{"rendered":"Blog"},"content":{"rendered":"<div class=\"wpb-content-wrapper\"><p>[vc_row css_animation=&#8221;&#8221; row_type=&#8221;row&#8221; use_row_as_full_screen_section=&#8221;no&#8221; type=&#8221;grid&#8221; angled_section=&#8221;no&#8221; text_align=&#8221;left&#8221; background_image_as_pattern=&#8221;without_pattern&#8221; css=&#8221;.vc_custom_1547815224996{padding-top: 50px !important;padding-bottom: 90px !important;}&#8221; z_index=&#8221;&#8221;][vc_column][vc_empty_space]<div class='latest_post_two_holder three_columns'><ul><li class=\"clearfix\"><div class=\"latest_post_two_image\"><a itemprop=\"url\" href=\"https:\/\/grupalvid.com\/en\/we-celebrate-25-years-dedicated-to-building-dreams\/\"><img loading=\"lazy\" decoding=\"async\" src=\"https:\/\/grupalvid.com\/wp-content\/uploads\/2024\/10\/CELEBREM-UNA-FITA-MOLT-ESPECIAL1-450x280.png\" alt=\"Celebrem 25 anys dedicats a construir somnis!\" width=\"450\" height=\"280\" \/><\/a><\/div><div class=\"latest_post_two_inner\" ><div class=\"latest_post_two_text\"><h5 itemprop=\"name\" class=\"latest_post_two_title entry_title\"><a itemprop=\"url\" href=\"https:\/\/grupalvid.com\/en\/we-celebrate-25-years-dedicated-to-building-dreams\/\" >We celebrate 25 years dedicated to building dreams!<\/a><\/h5><div class=\"separator small left \" ><\/div><p itemprop=\"description\" class=\"latest_post_two_excerpt\" >We are celebrating! We celebrate a very special milestone: 25 years dedicated to building dreams, creating new experiences and designing new spaces that last over time! Dur<\/p><\/div><div class=\"latest_post_two_info\" style='border-color: #e0e0e0;'><div class=\"latest_post_two_info_inner\" style='color: #303030;'><div class=\"post_info_author\"><img alt='Author Image' src='https:\/\/secure.gravatar.com\/avatar\/e1562fd3e30d9daed0fb0a9c8d74d5a30f4adf7eef9fed4219e89e3950bab93d?s=30&#038;d=mm&#038;r=g' srcset='https:\/\/secure.gravatar.com\/avatar\/e1562fd3e30d9daed0fb0a9c8d74d5a30f4adf7eef9fed4219e89e3950bab93d?s=60&#038;d=mm&#038;r=g 2x' class='avatar avatar-30 photo' height='30' width='30' \/><span class=\"post_info_author_name\">grupalvid<\/span><\/div><div itemprop=\"dateCreated\" class=\"post_info_date entry_date updated\">23 October, 2024<meta itemprop=\"interactionCount\" content=\"UserComments: <?php echo get_comments_number(qode_get_page_id()); ?>\"\/><\/div><\/div><\/div><\/div><\/li><li class=\"clearfix\"><div class=\"latest_post_two_image\"><a itemprop=\"url\" href=\"https:\/\/grupalvid.com\/en\/tecnicas-y-metodos-modernos-en-la-construccion\/\"><img loading=\"lazy\" decoding=\"async\" src=\"https:\/\/grupalvid.com\/wp-content\/uploads\/2024\/05\/Tecnicas-y-Metodos-Modernos-en-la-Construccion-450x280.jpg\" alt=\"T\u00e9cnicas y M\u00e9todos Modernos en la Construcci\u00f3n\" width=\"450\" height=\"280\" \/><\/a><\/div><div class=\"latest_post_two_inner\" ><div class=\"latest_post_two_text\"><h5 itemprop=\"name\" class=\"latest_post_two_title entry_title\"><a itemprop=\"url\" href=\"https:\/\/grupalvid.com\/en\/tecnicas-y-metodos-modernos-en-la-construccion\/\" >Modern Techniques and Methods in Construction<\/a><\/h5><div class=\"separator small left \" ><\/div><p itemprop=\"description\" class=\"latest_post_two_excerpt\" >Introduction On this exciting journey, we will explore the latest innovations that are transforming the construction industry. From modular construction to cutting-edge tec<\/p><\/div><div class=\"latest_post_two_info\" style='border-color: #e0e0e0;'><div class=\"latest_post_two_info_inner\" style='color: #303030;'><div class=\"post_info_author\"><img alt='Author Image' src='https:\/\/secure.gravatar.com\/avatar\/ad5fb61c352a2dc864f7080d0b53612123d4da44103b11fac85814ae30e7d51a?s=30&#038;d=mm&#038;r=g' srcset='https:\/\/secure.gravatar.com\/avatar\/ad5fb61c352a2dc864f7080d0b53612123d4da44103b11fac85814ae30e7d51a?s=60&#038;d=mm&#038;r=g 2x' class='avatar avatar-30 photo' height='30' width='30' \/><span class=\"post_info_author_name\">admin<\/span><\/div><div itemprop=\"dateCreated\" class=\"post_info_date entry_date updated\">03 June, 2024<meta itemprop=\"interactionCount\" content=\"UserComments: <?php echo get_comments_number(qode_get_page_id()); ?>\"\/><\/div><\/div><\/div><\/div><\/li><li class=\"clearfix\"><div class=\"latest_post_two_image\"><a itemprop=\"url\" href=\"https:\/\/grupalvid.com\/en\/seguridad-en-la-construccion-de-alvid\/\"><img loading=\"lazy\" decoding=\"async\" src=\"https:\/\/grupalvid.com\/wp-content\/uploads\/2024\/05\/seguridad-en-la-construccion-450x280.jpg\" alt=\"seguridad en la construcci\u00f3n\" width=\"450\" height=\"280\" \/><\/a><\/div><div class=\"latest_post_two_inner\" ><div class=\"latest_post_two_text\"><h5 itemprop=\"name\" class=\"latest_post_two_title entry_title\"><a itemprop=\"url\" href=\"https:\/\/grupalvid.com\/en\/seguridad-en-la-construccion-de-alvid\/\" >La seguridad en la Construcci\u00f3n de Alvid. Medidas y Prevenci\u00f3n<\/a><\/h5><div class=\"separator small left \" ><\/div><p itemprop=\"description\" class=\"latest_post_two_excerpt\" >Introduction\u00a0 Construction safety is a crucial issue that affects not only workers, but also everyone involved in a building project. In this article, we will address the d<\/p><\/div><div class=\"latest_post_two_info\" style='border-color: #e0e0e0;'><div class=\"latest_post_two_info_inner\" style='color: #303030;'><div class=\"post_info_author\"><img alt='Author Image' src='https:\/\/secure.gravatar.com\/avatar\/ad5fb61c352a2dc864f7080d0b53612123d4da44103b11fac85814ae30e7d51a?s=30&#038;d=mm&#038;r=g' srcset='https:\/\/secure.gravatar.com\/avatar\/ad5fb61c352a2dc864f7080d0b53612123d4da44103b11fac85814ae30e7d51a?s=60&#038;d=mm&#038;r=g 2x' class='avatar avatar-30 photo' height='30' width='30' \/><span class=\"post_info_author_name\">admin<\/span><\/div><div itemprop=\"dateCreated\" class=\"post_info_date entry_date updated\">03 June, 2024<meta itemprop=\"interactionCount\" content=\"UserComments: <?php echo get_comments_number(qode_get_page_id()); ?>\"\/><\/div><\/div><\/div><\/div><\/li><li class=\"clearfix\"><div class=\"latest_post_two_image\"><a itemprop=\"url\" href=\"https:\/\/grupalvid.com\/en\/measures-covid-19\/\"><img loading=\"lazy\" decoding=\"async\" src=\"https:\/\/grupalvid.com\/wp-content\/uploads\/2020\/05\/EPIS-COVID-19-2-1-450x280.png\" alt=\"\" width=\"450\" height=\"280\" \/><\/a><\/div><div class=\"latest_post_two_inner\" ><div class=\"latest_post_two_text\"><h5 itemprop=\"name\" class=\"latest_post_two_title entry_title\"><a itemprop=\"url\" href=\"https:\/\/grupalvid.com\/en\/measures-covid-19\/\" >MEASURES COVID 19<\/a><\/h5><div class=\"separator small left \" ><\/div><p itemprop=\"description\" class=\"latest_post_two_excerpt\" >As you all know, we are going through a difficult time due to the health crisis we are experiencing due to Covid 19. We as a company want to transmit from here all the Secu<\/p><\/div><div class=\"latest_post_two_info\" style='border-color: #e0e0e0;'><div class=\"latest_post_two_info_inner\" style='color: #303030;'><div class=\"post_info_author\"><img alt='Author Image' src='https:\/\/secure.gravatar.com\/avatar\/e1562fd3e30d9daed0fb0a9c8d74d5a30f4adf7eef9fed4219e89e3950bab93d?s=30&#038;d=mm&#038;r=g' srcset='https:\/\/secure.gravatar.com\/avatar\/e1562fd3e30d9daed0fb0a9c8d74d5a30f4adf7eef9fed4219e89e3950bab93d?s=60&#038;d=mm&#038;r=g 2x' class='avatar avatar-30 photo' height='30' width='30' \/><span class=\"post_info_author_name\">grupalvid<\/span><\/div><div itemprop=\"dateCreated\" class=\"post_info_date entry_date updated\">28 May, 2020<meta itemprop=\"interactionCount\" content=\"UserComments: <?php echo get_comments_number(qode_get_page_id()); ?>\"\/><\/div><\/div><\/div><\/div><\/li><li class=\"clearfix\"><div class=\"latest_post_two_image\"><a itemprop=\"url\" href=\"https:\/\/grupalvid.com\/en\/health-and-safety-measures-in-construction\/\"><img loading=\"lazy\" decoding=\"async\" src=\"https:\/\/grupalvid.com\/wp-content\/uploads\/2019\/02\/Mesures-de-seguretat-i-salut-en-la-construcci\u00f3-450x280.jpg\" alt=\"\" width=\"450\" height=\"280\" \/><\/a><\/div><div class=\"latest_post_two_inner\" ><div class=\"latest_post_two_text\"><h5 itemprop=\"name\" class=\"latest_post_two_title entry_title\"><a itemprop=\"url\" href=\"https:\/\/grupalvid.com\/en\/health-and-safety-measures-in-construction\/\" >Health and Safety Measures in Construction<\/a><\/h5><div class=\"separator small left \" ><\/div><p itemprop=\"description\" class=\"latest_post_two_excerpt\" >A very interesting article on health-and-safety measures in construction. The survey, performed by Bosch Power Tools, suggests Spain is among the European countries that in<\/p><\/div><div class=\"latest_post_two_info\" style='border-color: #e0e0e0;'><div class=\"latest_post_two_info_inner\" style='color: #303030;'><div class=\"post_info_author\"><img alt='Author Image' src='https:\/\/secure.gravatar.com\/avatar\/ad5fb61c352a2dc864f7080d0b53612123d4da44103b11fac85814ae30e7d51a?s=30&#038;d=mm&#038;r=g' srcset='https:\/\/secure.gravatar.com\/avatar\/ad5fb61c352a2dc864f7080d0b53612123d4da44103b11fac85814ae30e7d51a?s=60&#038;d=mm&#038;r=g 2x' class='avatar avatar-30 photo' height='30' width='30' \/><span class=\"post_info_author_name\">admin<\/span><\/div><div itemprop=\"dateCreated\" class=\"post_info_date entry_date updated\">14 February, 2019<meta itemprop=\"interactionCount\" content=\"UserComments: <?php echo get_comments_number(qode_get_page_id()); ?>\"\/><\/div><\/div><\/div><\/div><\/li><li class=\"clearfix\"><div class=\"latest_post_two_image\"><a itemprop=\"url\" href=\"https:\/\/grupalvid.com\/en\/the-new-way-of-constructing-our-world-greenbuilding\/\"><img loading=\"lazy\" decoding=\"async\" src=\"https:\/\/grupalvid.com\/wp-content\/uploads\/2019\/01\/La-nova-manera-de-construir-el-m\u00f3n-GreenBuilding-Kerakoll-450x280.jpg\" alt=\"\" width=\"450\" height=\"280\" \/><\/a><\/div><div class=\"latest_post_two_inner\" ><div class=\"latest_post_two_text\"><h5 itemprop=\"name\" class=\"latest_post_two_title entry_title\"><a itemprop=\"url\" href=\"https:\/\/grupalvid.com\/en\/the-new-way-of-constructing-our-world-greenbuilding\/\" >The new way of constructing our world: GreenBuilding<\/a><\/h5><div class=\"separator small left \" ><\/div><p itemprop=\"description\" class=\"latest_post_two_excerpt\" >Being the type of construction company we are, we both like and share the Kerakoll philosophy: that green building improves the world. GreenBuilding is a concept launched b<\/p><\/div><div class=\"latest_post_two_info\" style='border-color: #e0e0e0;'><div class=\"latest_post_two_info_inner\" style='color: #303030;'><div class=\"post_info_author\"><img alt='Author Image' src='https:\/\/secure.gravatar.com\/avatar\/ad5fb61c352a2dc864f7080d0b53612123d4da44103b11fac85814ae30e7d51a?s=30&#038;d=mm&#038;r=g' srcset='https:\/\/secure.gravatar.com\/avatar\/ad5fb61c352a2dc864f7080d0b53612123d4da44103b11fac85814ae30e7d51a?s=60&#038;d=mm&#038;r=g 2x' class='avatar avatar-30 photo' height='30' width='30' \/><span class=\"post_info_author_name\">admin<\/span><\/div><div itemprop=\"dateCreated\" class=\"post_info_date entry_date updated\">14 February, 2019<meta itemprop=\"interactionCount\" content=\"UserComments: <?php echo get_comments_number(qode_get_page_id()); ?>\"\/><\/div><\/div><\/div><\/div><\/li><li class=\"clearfix\"><div class=\"latest_post_two_image\"><a itemprop=\"url\" href=\"https:\/\/grupalvid.com\/en\/why-the-ite-building-inspection-matters\/\"><img loading=\"lazy\" decoding=\"async\" src=\"https:\/\/grupalvid.com\/wp-content\/uploads\/2019\/01\/inspecci\u00f3-t\u00e8cnica-ITE-450x280.jpg\" alt=\"\" width=\"450\" height=\"280\" \/><\/a><\/div><div class=\"latest_post_two_inner\" ><div class=\"latest_post_two_text\"><h5 itemprop=\"name\" class=\"latest_post_two_title entry_title\"><a itemprop=\"url\" href=\"https:\/\/grupalvid.com\/en\/why-the-ite-building-inspection-matters\/\" >Why the ITE Building Inspection Matters<\/a><\/h5><div class=\"separator small left \" ><\/div><p itemprop=\"description\" class=\"latest_post_two_excerpt\" >It\u2019s important to be aware that all buildings must pass a building technical inspection (known in Spanish as the ITE, which stands for Inspecci\u00f3n T\u00e9cnica de Edificios) to a<\/p><\/div><div class=\"latest_post_two_info\" style='border-color: #e0e0e0;'><div class=\"latest_post_two_info_inner\" style='color: #303030;'><div class=\"post_info_author\"><img alt='Author Image' src='https:\/\/secure.gravatar.com\/avatar\/ad5fb61c352a2dc864f7080d0b53612123d4da44103b11fac85814ae30e7d51a?s=30&#038;d=mm&#038;r=g' srcset='https:\/\/secure.gravatar.com\/avatar\/ad5fb61c352a2dc864f7080d0b53612123d4da44103b11fac85814ae30e7d51a?s=60&#038;d=mm&#038;r=g 2x' class='avatar avatar-30 photo' height='30' width='30' \/><span class=\"post_info_author_name\">admin<\/span><\/div><div itemprop=\"dateCreated\" class=\"post_info_date entry_date updated\">14 February, 2019<meta itemprop=\"interactionCount\" content=\"UserComments: <?php echo get_comments_number(qode_get_page_id()); ?>\"\/><\/div><\/div><\/div><\/div><\/li><\/ul><\/div>[\/vc_column][\/vc_row][vc_row css_animation=&#8221;&#8221; row_type=&#8221;row&#8221; use_row_as_full_screen_section=&#8221;no&#8221; type=&#8221;full_width&#8221; angled_section=&#8221;no&#8221; text_align=&#8221;center&#8221; background_image_as_pattern=&#8221;without_pattern&#8221;][vc_column]<div class=\"call_to_action simple\" style=\"background-color: #2b2c2e;padding-top: 40px;padding-bottom: 40px;\"><div class=\"container_inner\"><div class=\"text_wrapper column1\"><div class=\"call_to_action_text  font_size_inherit font_weight_inherit letter_spacing_inherit\" style=\"font-size:16px;font-weight: 600;letter-spacing: -1px;\">\n<p style=\"text-align: center;\"><span style=\"color: #ffffff;\">Contact us now to get a quote for your project<br \/>\n<\/span><\/p>\n<\/div><a itemprop=\"url\" href=\"\/en\/contact\/\" class=\"qbutton white medium\" target=\"_self\" style=\"\"data-hover-background-color=#ffffff data-hover-color=#303030>CONTACT<\/a><\/div><\/div><\/div>[\/vc_column][\/vc_row]<\/p>\n<\/div>","protected":false},"excerpt":{"rendered":"<p>[vc_row css_animation=&#8221;&#8221; row_type=&#8221;row&#8221; use_row_as_full_screen_section=&#8221;no&#8221; type=&#8221;grid&#8221; angled_section=&#8221;no&#8221; text_align=&#8221;left&#8221; background_image_as_pattern=&#8221;without_pattern&#8221; css=&#8221;.vc_custom_1547815224996{padding-top: 50px !important;padding-bottom: 90px !important;}&#8221; z_index=&#8221;&#8221;][vc_column][vc_empty_space][\/vc_column][\/vc_row][vc_row css_animation=&#8221;&#8221; row_type=&#8221;row&#8221; use_row_as_full_screen_section=&#8221;no&#8221; type=&#8221;full_width&#8221; angled_section=&#8221;no&#8221; text_align=&#8221;center&#8221; background_image_as_pattern=&#8221;without_pattern&#8221;][vc_column][\/vc_column][\/vc_row]<\/p>\n","protected":false},"author":1,"featured_media":0,"parent":0,"menu_order":0,"comment_status":"closed","ping_status":"closed","template":"full_width.php","meta":{"footnotes":""},"class_list":["post-1054","page","type-page","status-publish","hentry"],"_links":{"self":[{"href":"https:\/\/grupalvid.com\/en\/wp-json\/wp\/v2\/pages\/1054","targetHints":{"allow":["GET"]}}],"collection":[{"href":"https:\/\/grupalvid.com\/en\/wp-json\/wp\/v2\/pages"}],"about":[{"href":"https:\/\/grupalvid.com\/en\/wp-json\/wp\/v2\/types\/page"}],"author":[{"embeddable":true,"href":"https:\/\/grupalvid.com\/en\/wp-json\/wp\/v2\/users\/1"}],"replies":[{"embeddable":true,"href":"https:\/\/grupalvid.com\/en\/wp-json\/wp\/v2\/comments?post=1054"}],"version-history":[{"count":0,"href":"https:\/\/grupalvid.com\/en\/wp-json\/wp\/v2\/pages\/1054\/revisions"}],"wp:attachment":[{"href":"https:\/\/grupalvid.com\/en\/wp-json\/wp\/v2\/media?parent=1054"}],"curies":[{"name":"wp","href":"https:\/\/api.w.org\/{rel}","templated":true}]}}